{"id":101,"date":"2021-11-09T17:18:09","date_gmt":"2021-11-09T16:18:09","guid":{"rendered":"https:\/\/jefpreti.com\/?page_id=101"},"modified":"2021-12-03T15:13:37","modified_gmt":"2021-12-03T14:13:37","slug":"jef-preti-portfolio-perspectives-3d","status":"publish","type":"page","link":"https:\/\/jefpreti.com\/index.php\/jef-preti-portfolio-perspectives-3d\/","title":{"rendered":"Jef PRETI &#8211; Portfolio &#8211; Perspectives 3D"},"content":{"rendered":"<p>[et_pb_section fb_built=\u00a0\u00bb1&Prime; fullwidth=\u00a0\u00bbon\u00a0\u00bb _builder_version=\u00a0\u00bb4.13.0&Prime; _module_preset=\u00a0\u00bbdefault\u00a0\u00bb global_colors_info=\u00a0\u00bb{}\u00a0\u00bb][et_pb_fullwidth_header title=\u00a0\u00bbPerspectives 3D\u00a0\u00bb text_orientation=\u00a0\u00bbcenter\u00a0\u00bb module_id=\u00a0\u00bbPortfolio-Perspectives\u00a0\u00bb _builder_version=\u00a0\u00bb4.13.0&Prime; _module_preset=\u00a0\u00bbdefault\u00a0\u00bb title_font=\u00a0\u00bb||||||||\u00a0\u00bb title_text_align=\u00a0\u00bbcenter\u00a0\u00bb title_font_size=\u00a0\u00bb80px\u00a0\u00bb background_image=\u00a0\u00bbhttp:\/\/jefpreti.com\/wp-content\/uploads\/2021\/11\/Jefpreti-Perspectiviste-Graphiste-3D-Architecture-Design-Persepctive-17.jpg\u00a0\u00bb parallax=\u00a0\u00bbon\u00a0\u00bb title_font_size_tablet=\u00a0\u00bb50px\u00a0\u00bb title_font_size_phone=\u00a0\u00bb30px\u00a0\u00bb title_font_size_last_edited=\u00a0\u00bbon|desktop\u00a0\u00bb title_text_shadow_style=\u00a0\u00bbpreset1&Prime; global_colors_info=\u00a0\u00bb{}\u00a0\u00bb][\/et_pb_fullwidth_header][\/et_pb_section][et_pb_section fb_built=\u00a0\u00bb1&Prime; _builder_version=\u00a0\u00bb4.13.0&Prime; _module_preset=\u00a0\u00bbdefault\u00a0\u00bb custom_margin=\u00a0\u00bb||||false|false\u00a0\u00bb custom_padding=\u00a0\u00bb||||false|false\u00a0\u00bb global_colors_info=\u00a0\u00bb{}\u00a0\u00bb][et_pb_row _builder_version=\u00a0\u00bb4.13.0&Prime; _module_preset=\u00a0\u00bbdefault\u00a0\u00bb custom_margin=\u00a0\u00bb0px||0px||false|false\u00a0\u00bb custom_padding=\u00a0\u00bb0px||0px||false|false\u00a0\u00bb global_colors_info=\u00a0\u00bb{}\u00a0\u00bb][et_pb_column type=\u00a0\u00bb4_4&Prime; _builder_version=\u00a0\u00bb4.13.0&Prime; _module_preset=\u00a0\u00bbdefault\u00a0\u00bb global_colors_info=\u00a0\u00bb{}\u00a0\u00bb][et_pb_gallery gallery_ids=\u00a0\u00bb54,53&Prime; fullwidth=\u00a0\u00bbon\u00a0\u00bb _builder_version=\u00a0\u00bb4.13.0&Prime; _module_preset=\u00a0\u00bbdefault\u00a0\u00bb auto=\u00a0\u00bbon\u00a0\u00bb auto_speed=\u00a0\u00bb4000&Prime; global_colors_info=\u00a0\u00bb{}\u00a0\u00bb][\/et_pb_gallery][et_pb_text _builder_version=\u00a0\u00bb4.14.2&Prime; _module_preset=\u00a0\u00bbdefault\u00a0\u00bb header_2_font_size=\u00a0\u00bb18px\u00a0\u00bb hover_enabled=\u00a0\u00bb0&Prime; text_font_size_tablet=\u00a0\u00bb\u00a0\u00bb text_font_size_phone=\u00a0\u00bb\u00a0\u00bb text_font_size_last_edited=\u00a0\u00bbon|phone\u00a0\u00bb header_font_size_tablet=\u00a0\u00bb\u00a0\u00bb header_font_size_phone=\u00a0\u00bb\u00a0\u00bb header_font_size_last_edited=\u00a0\u00bbon|phone\u00a0\u00bb header_2_font_size_tablet=\u00a0\u00bb14px\u00a0\u00bb header_2_font_size_phone=\u00a0\u00bb14px\u00a0\u00bb header_2_font_size_last_edited=\u00a0\u00bbon|tablet\u00a0\u00bb global_colors_info=\u00a0\u00bb{}\u00a0\u00bb sticky_enabled=\u00a0\u00bb0&Prime;]<\/p>\n<p><strong>Je vous accompagne, vous \u00e9coute et vous conseille durant toutes les \u00e9tapes afin de mener \u00e0 bien vos projets.<\/strong><\/p>\n<p><strong><\/strong><\/p>\n<p><strong>1-<\/strong> Apr\u00e8s avoir d\u00e9fini approximativement les points de vue sur le plan, je vous envoie une s\u00e9rie de rendus en blanc des volumes principaux. Cette s\u00e9rie d\u2019images a pour seul but de vous aider \u00e0 choisir la vue qui vous convient le mieux. \u00c0 ce stade, il est encore possible de changer de vue sur la m\u00eame fa\u00e7ade.<\/p>\n<p><strong>2-<\/strong> Le point de vue est choisi et d\u00e9finitif : le plus gros du travail commence. La mod\u00e9lisation du projet est compl\u00e9t\u00e9e, ainsi que celle de l\u2019environnement. Tous les \u00e9l\u00e9ments 3D sont mis en place (architecture, plantes, lumi\u00e8re, mat\u00e9riaux\u2026). Je vous envoie un rendu basse d\u00e9finition en couleur.<\/p>\n<p><strong>3-<\/strong> Il n\u2019y a pas assez de fleurs aux balcons, la fa\u00e7ade est trop dans l\u2019ombre ou l\u2019enduit n\u2019est pas de la bonne couleur ? Pas de probl\u00e8me, tout est encore modifiable. Vous recevez une deuxi\u00e8me image en basse d\u00e9finition pour validation. Il est encore temps d\u2019ajuster certains d\u00e9tails.<\/p>\n<p><strong>4-<\/strong> L\u2019aper\u00e7u vous convient et vous le validez: un rendu haute d\u00e9finition est calcul\u00e9. J\u2019effectue enfin l\u2019habillage qui consiste \u00e0 ajouter les \u00e9l\u00e9ments 2D \u00e0 l\u2019image (ciel, personnages, post-production). Ces \u00e9l\u00e9ments peuvent \u00eatre modifi\u00e9s avant validation d\u00e9finitive de l\u2019image. Votre perspective 3D est pr\u00eate!<\/p>\n<p>&nbsp;<\/p>\n<p><strong>Ils m&rsquo;ont fait confiance: <\/strong><\/p>\n<p><strong>Advancy, Win-win, Super Build, B\u00f6we Studio, ATES Architecture, Bert\u00e9vas Julien- sc\u00e9nographe, A3 Paysage, Sophie Jacqmin- sc\u00e9nographe, Chamoin-Melsens Architectes, Groupe Immobilier Europe, TLR Architecture, Thomas Hus \u2013 architecte, Crea Com, Paprec France, Backlight Studio, Kr\u00e9 Concept, Game Consulting, Arka Studio, RF Studio&#8230;<\/strong><\/p>\n<p>[\/et_pb_text][\/et_pb_column][\/et_pb_row][et_pb_row use_custom_gutter=\u00a0\u00bbon\u00a0\u00bb gutter_width=\u00a0\u00bb1&Prime; _builder_version=\u00a0\u00bb4.13.0&Prime; _module_preset=\u00a0\u00bbdefault\u00a0\u00bb global_colors_info=\u00a0\u00bb{}\u00a0\u00bb][et_pb_column type=\u00a0\u00bb4_4&Prime; _builder_version=\u00a0\u00bb4.13.0&Prime; _module_preset=\u00a0\u00bbdefault\u00a0\u00bb global_colors_info=\u00a0\u00bb{}\u00a0\u00bb][et_pb_gallery gallery_ids=\u00a0\u00bb65,64,62,61,60,59,58,57,56,46,47,48,49,50,51,52,45,44,42&Prime; gallery_orderby=\u00a0\u00bbrand\u00a0\u00bb posts_number=\u00a0\u00bb20&Prime; show_title_and_caption=\u00a0\u00bboff\u00a0\u00bb show_pagination=\u00a0\u00bboff\u00a0\u00bb _builder_version=\u00a0\u00bb4.13.0&Prime; _module_preset=\u00a0\u00bbdefault\u00a0\u00bb custom_margin=\u00a0\u00bb||||false|false\u00a0\u00bb custom_padding=\u00a0\u00bb||||false|false\u00a0\u00bb global_colors_info=\u00a0\u00bb{}\u00a0\u00bb][\/et_pb_gallery][\/et_pb_column][\/et_pb_row][et_pb_row _builder_version=\u00a0\u00bb4.13.0&Prime; _module_preset=\u00a0\u00bbdefault\u00a0\u00bb global_colors_info=\u00a0\u00bb{}\u00a0\u00bb][et_pb_column type=\u00a0\u00bb4_4&Prime; _builder_version=\u00a0\u00bb4.13.0&Prime; _module_preset=\u00a0\u00bbdefault\u00a0\u00bb global_colors_info=\u00a0\u00bb{}\u00a0\u00bb][et_pb_text _builder_version=\u00a0\u00bb4.14.2&Prime; _module_preset=\u00a0\u00bbdefault\u00a0\u00bb header_2_font_size=\u00a0\u00bb18px\u00a0\u00bb hover_enabled=\u00a0\u00bb0&Prime; text_font_size_tablet=\u00a0\u00bb\u00a0\u00bb text_font_size_phone=\u00a0\u00bb\u00a0\u00bb text_font_size_last_edited=\u00a0\u00bbon|phone\u00a0\u00bb global_colors_info=\u00a0\u00bb{}\u00a0\u00bb sticky_enabled=\u00a0\u00bb0&Prime; header_text_color_last_edited=\u00a0\u00bbon|desktop\u00a0\u00bb]<\/p>\n<p>Je vous propose de r\u00e9aliser les perspectives 3D int\u00e9rieures et ext\u00e9rieures, plans de masse couleur ou visites virtuelles pour tous vos projets de concours d\u2019architecture, de communication ou vos dossiers de permis de construire.<br \/><strong>Pour toute demande de devis, merci de d\u00e9tailler autant que possible votre projet. N\u2019h\u00e9sitez-pas \u00e0 me faire parvenir les plans et autres documents par e-mail. Je vous r\u00e9pondrai g\u00e9n\u00e9ralement sous 24h avec un devis ou vous contacterai pour plus de pr\u00e9cisions.<\/strong><\/p>\n<p>[\/et_pb_text][et_pb_gallery gallery_ids=\u00a0\u00bb55,63&Prime; fullwidth=\u00a0\u00bbon\u00a0\u00bb _builder_version=\u00a0\u00bb4.13.0&Prime; _module_preset=\u00a0\u00bbdefault\u00a0\u00bb auto=\u00a0\u00bbon\u00a0\u00bb auto_speed=\u00a0\u00bb4000&Prime; global_colors_info=\u00a0\u00bb{}\u00a0\u00bb][\/et_pb_gallery][\/et_pb_column][\/et_pb_row][\/et_pb_section]<\/p>\n","protected":false},"excerpt":{"rendered":"<p>Je vous accompagne, vous \u00e9coute et vous conseille durant toutes les \u00e9tapes afin de mener \u00e0 bien vos projets. 1- Apr\u00e8s avoir d\u00e9fini approximativement les points de vue sur le plan, je vous envoie une s\u00e9rie de rendus en blanc des volumes principaux. Cette s\u00e9rie d\u2019images a pour seul but de vous aider \u00e0 choisir [&hellip;]<\/p>\n","protected":false},"author":1,"featured_media":0,"parent":0,"menu_order":0,"comment_status":"closed","ping_status":"closed","template":"","meta":{"_et_pb_use_builder":"on","_et_pb_old_content":"","_et_gb_content_width":"","_monsterinsights_skip_tracking":false,"_monsterinsights_sitenote_active":false,"_monsterinsights_sitenote_note":"","_monsterinsights_sitenote_category":0},"aioseo_notices":[],"_links":{"self":[{"href":"https:\/\/jefpreti.com\/index.php\/wp-json\/wp\/v2\/pages\/101"}],"collection":[{"href":"https:\/\/jefpreti.com\/index.php\/wp-json\/wp\/v2\/pages"}],"about":[{"href":"https:\/\/jefpreti.com\/index.php\/wp-json\/wp\/v2\/types\/page"}],"author":[{"embeddable":true,"href":"https:\/\/jefpreti.com\/index.php\/wp-json\/wp\/v2\/users\/1"}],"replies":[{"embeddable":true,"href":"https:\/\/jefpreti.com\/index.php\/wp-json\/wp\/v2\/comments?post=101"}],"version-history":[{"count":20,"href":"https:\/\/jefpreti.com\/index.php\/wp-json\/wp\/v2\/pages\/101\/revisions"}],"predecessor-version":[{"id":259,"href":"https:\/\/jefpreti.com\/index.php\/wp-json\/wp\/v2\/pages\/101\/revisions\/259"}],"wp:attachment":[{"href":"https:\/\/jefpreti.com\/index.php\/wp-json\/wp\/v2\/media?parent=101"}],"curies":[{"name":"wp","href":"https:\/\/api.w.org\/{rel}","templated":true}]}}