{"id":158,"date":"2021-11-11T13:21:53","date_gmt":"2021-11-11T12:21:53","guid":{"rendered":"https:\/\/jefpreti.com\/?page_id=158"},"modified":"2021-12-17T13:16:00","modified_gmt":"2021-12-17T12:16:00","slug":"158-2","status":"publish","type":"page","link":"https:\/\/jefpreti.com\/index.php\/158-2\/","title":{"rendered":"Jef PRETI &#8211; Portfolio &#8211; Parcs \u00e0 th\u00e8me"},"content":{"rendered":"<p>[et_pb_section fb_built=\u00a0\u00bb1&Prime; fullwidth=\u00a0\u00bbon\u00a0\u00bb _builder_version=\u00a0\u00bb4.13.0&Prime; _module_preset=\u00a0\u00bbdefault\u00a0\u00bb global_colors_info=\u00a0\u00bb{}\u00a0\u00bb][et_pb_fullwidth_header title=\u00a0\u00bbParcs \u00e0 th\u00e8me\u00a0\u00bb text_orientation=\u00a0\u00bbcenter\u00a0\u00bb module_id=\u00a0\u00bbPortfolio-Perspectives\u00a0\u00bb _builder_version=\u00a0\u00bb4.13.0&Prime; _module_preset=\u00a0\u00bbdefault\u00a0\u00bb title_font=\u00a0\u00bb||||||||\u00a0\u00bb title_text_align=\u00a0\u00bbcenter\u00a0\u00bb title_font_size=\u00a0\u00bb80px\u00a0\u00bb background_image=\u00a0\u00bbhttp:\/\/jefpreti.com\/wp-content\/uploads\/2021\/11\/Jefpreti-KAERU-Theme-Park-Design-Walibi-Belgium-KONDAA-3D-08.jpg\u00a0\u00bb parallax=\u00a0\u00bbon\u00a0\u00bb title_font_size_tablet=\u00a0\u00bb50px\u00a0\u00bb title_font_size_phone=\u00a0\u00bb30px\u00a0\u00bb title_font_size_last_edited=\u00a0\u00bbon|desktop\u00a0\u00bb title_text_shadow_style=\u00a0\u00bbpreset1&Prime; global_colors_info=\u00a0\u00bb{}\u00a0\u00bb][\/et_pb_fullwidth_header][\/et_pb_section][et_pb_section fb_built=\u00a0\u00bb1&Prime; _builder_version=\u00a0\u00bb4.13.0&Prime; _module_preset=\u00a0\u00bbdefault\u00a0\u00bb custom_margin=\u00a0\u00bb||||false|false\u00a0\u00bb custom_padding=\u00a0\u00bb||||false|false\u00a0\u00bb global_colors_info=\u00a0\u00bb{}\u00a0\u00bb][et_pb_row _builder_version=\u00a0\u00bb4.13.0&Prime; _module_preset=\u00a0\u00bbdefault\u00a0\u00bb custom_margin=\u00a0\u00bb0px||0px||false|false\u00a0\u00bb custom_padding=\u00a0\u00bb0px||0px||false|false\u00a0\u00bb global_colors_info=\u00a0\u00bb{}\u00a0\u00bb][et_pb_column type=\u00a0\u00bb4_4&Prime; _builder_version=\u00a0\u00bb4.13.0&Prime; _module_preset=\u00a0\u00bbdefault\u00a0\u00bb global_colors_info=\u00a0\u00bb{}\u00a0\u00bb][et_pb_text _builder_version=\u00a0\u00bb4.14.2&Prime; _module_preset=\u00a0\u00bbdefault\u00a0\u00bb header_2_font_size=\u00a0\u00bb18px\u00a0\u00bb custom_padding=\u00a0\u00bb||0px|||\u00a0\u00bb text_font_size_tablet=\u00a0\u00bb\u00a0\u00bb text_font_size_phone=\u00a0\u00bb\u00a0\u00bb text_font_size_last_edited=\u00a0\u00bbon|phone\u00a0\u00bb header_font_tablet=\u00a0\u00bb\u00a0\u00bb header_font_phone=\u00a0\u00bb\u00a0\u00bb header_font_last_edited=\u00a0\u00bbon|phone\u00a0\u00bb header_font_size_tablet=\u00a0\u00bb\u00a0\u00bb header_font_size_phone=\u00a0\u00bb\u00a0\u00bb header_font_size_last_edited=\u00a0\u00bbon|desktop\u00a0\u00bb global_colors_info=\u00a0\u00bb{}\u00a0\u00bb]<\/p>\n<h1><strong>Maquettes 3D, visites virtuelles et aide \u00e0 la conception.<\/strong><strong><\/strong><\/h1>\n<p><strong><\/strong><\/p>\n<p>Les maquettes 3D permettent de mettre en volume les concepts en tenant compte des diff\u00e9rentes contraintes techniques et artistiques. Leur cr\u00e9ation s&rsquo;effectue en \u00e9troite collaboration avec les designers et architectes.<\/p>\n<p>Les maquettes 3D permettent notamment :<\/p>\n<p>&#8211; de mieux appr\u00e9hender le design dans son ensemble.<br \/>&#8211; d&rsquo;anticiper les \u00e9ventuelles probl\u00e9matiques afin de corriger le design en cons\u00e9quence avant la production des d\u00e9cors.<br \/>&#8211; d&rsquo;aider \u00e0 placer les diff\u00e9rents \u00e9l\u00e9ments du d\u00e9cor selon le point de vue du visiteur.<br \/>&#8211; de limiter toute mauvaise interpr\u00e9tation des concepts au moment de la cr\u00e9ation des d\u00e9cors.<\/p>\n<p><strong>Depuis 2015, je participe au d\u00e9veloppement de projets d&rsquo;envergure pour diff\u00e9rents parcs: Parc Ast\u00e9rix, Walibi Rh\u00f4ne Alpes, Walibi Belgium, Parc Vulcania&#8230;<\/strong><\/p>\n<p>[\/et_pb_text][\/et_pb_column][\/et_pb_row][et_pb_row disabled_on=\u00a0\u00bboff|off|off\u00a0\u00bb _builder_version=\u00a0\u00bb4.14.2&Prime; _module_preset=\u00a0\u00bbdefault\u00a0\u00bb link_option_url=\u00a0\u00bbhttps:\/\/kaerutpd.com\u00a0\u00bb link_option_url_new_window=\u00a0\u00bbon\u00a0\u00bb global_colors_info=\u00a0\u00bb{}\u00a0\u00bb][et_pb_column type=\u00a0\u00bb4_4&Prime; _builder_version=\u00a0\u00bb4.13.0&Prime; _module_preset=\u00a0\u00bbdefault\u00a0\u00bb global_colors_info=\u00a0\u00bb{}\u00a0\u00bb][et_pb_text _builder_version=\u00a0\u00bb4.14.2&Prime; _module_preset=\u00a0\u00bbdefault\u00a0\u00bb text_font_size_tablet=\u00a0\u00bb\u00a0\u00bb text_font_size_phone=\u00a0\u00bb\u00a0\u00bb text_font_size_last_edited=\u00a0\u00bbon|phone\u00a0\u00bb global_colors_info=\u00a0\u00bb{}\u00a0\u00bb custom_padding=\u00a0\u00bb||1px|||\u00a0\u00bb]<\/p>\n<p style=\"text-align: center;\"><strong><img decoding=\"async\" src=\"http:\/\/jefpreti.com\/wp-content\/uploads\/2021\/11\/Jefpreti-3D-Architecture-Perspective-Design-Logo-KAERU-300x300.jpg\" width=\"300\" height=\"300\" alt=\"\" class=\"wp-image-28 aligncenter size-medium\" \/><\/strong><\/p>\n<p style=\"text-align: center;\"><strong>Retrouvez-moi sur le site de KAERU Theme Park Design, en association avec Julien BERTEVAS.<\/strong><\/p>\n<p>[\/et_pb_text][\/et_pb_column][\/et_pb_row][et_pb_row use_custom_gutter=\u00a0\u00bbon\u00a0\u00bb gutter_width=\u00a0\u00bb1&Prime; _builder_version=\u00a0\u00bb4.13.0&Prime; _module_preset=\u00a0\u00bbdefault\u00a0\u00bb custom_margin=\u00a0\u00bb||||false|false\u00a0\u00bb custom_padding=\u00a0\u00bb||||false|false\u00a0\u00bb global_colors_info=\u00a0\u00bb{}\u00a0\u00bb][et_pb_column type=\u00a0\u00bb4_4&Prime; _builder_version=\u00a0\u00bb4.13.0&Prime; _module_preset=\u00a0\u00bbdefault\u00a0\u00bb global_colors_info=\u00a0\u00bb{}\u00a0\u00bb][et_pb_gallery gallery_ids=\u00a0\u00bb96,95,94,93,92,91,90,89,88&Prime; gallery_orderby=\u00a0\u00bbrand\u00a0\u00bb posts_number=\u00a0\u00bb20&Prime; show_title_and_caption=\u00a0\u00bboff\u00a0\u00bb show_pagination=\u00a0\u00bboff\u00a0\u00bb _builder_version=\u00a0\u00bb4.14.2&Prime; _module_preset=\u00a0\u00bbdefault\u00a0\u00bb custom_margin=\u00a0\u00bb||||false|false\u00a0\u00bb custom_padding=\u00a0\u00bb||||false|false\u00a0\u00bb global_colors_info=\u00a0\u00bb{}\u00a0\u00bb][\/et_pb_gallery][\/et_pb_column][\/et_pb_row][\/et_pb_section]<\/p>\n","protected":false},"excerpt":{"rendered":"<p>Maquettes 3D, visites virtuelles et aide \u00e0 la conception. Les maquettes 3D permettent de mettre en volume les concepts en tenant compte des diff\u00e9rentes contraintes techniques et artistiques. Leur cr\u00e9ation s&rsquo;effectue en \u00e9troite collaboration avec les designers et architectes. Les maquettes 3D permettent notamment : &#8211; de mieux appr\u00e9hender le design dans son ensemble.- d&rsquo;anticiper [&hellip;]<\/p>\n","protected":false},"author":1,"featured_media":0,"parent":0,"menu_order":0,"comment_status":"closed","ping_status":"closed","template":"","meta":{"_et_pb_use_builder":"on","_et_pb_old_content":"","_et_gb_content_width":"","_monsterinsights_skip_tracking":false,"_monsterinsights_sitenote_active":false,"_monsterinsights_sitenote_note":"","_monsterinsights_sitenote_category":0},"aioseo_notices":[],"_links":{"self":[{"href":"https:\/\/jefpreti.com\/index.php\/wp-json\/wp\/v2\/pages\/158"}],"collection":[{"href":"https:\/\/jefpreti.com\/index.php\/wp-json\/wp\/v2\/pages"}],"about":[{"href":"https:\/\/jefpreti.com\/index.php\/wp-json\/wp\/v2\/types\/page"}],"author":[{"embeddable":true,"href":"https:\/\/jefpreti.com\/index.php\/wp-json\/wp\/v2\/users\/1"}],"replies":[{"embeddable":true,"href":"https:\/\/jefpreti.com\/index.php\/wp-json\/wp\/v2\/comments?post=158"}],"version-history":[{"count":25,"href":"https:\/\/jefpreti.com\/index.php\/wp-json\/wp\/v2\/pages\/158\/revisions"}],"predecessor-version":[{"id":287,"href":"https:\/\/jefpreti.com\/index.php\/wp-json\/wp\/v2\/pages\/158\/revisions\/287"}],"wp:attachment":[{"href":"https:\/\/jefpreti.com\/index.php\/wp-json\/wp\/v2\/media?parent=158"}],"curies":[{"name":"wp","href":"https:\/\/api.w.org\/{rel}","templated":true}]}}