{"id":300,"date":"2022-07-18T15:04:11","date_gmt":"2022-07-18T13:04:11","guid":{"rendered":"https:\/\/jefpreti.com\/?page_id=300"},"modified":"2022-08-20T14:34:53","modified_gmt":"2022-08-20T12:34:53","slug":"jef-preti-3d-theme-designer-kaeru-theme-park-design","status":"publish","type":"page","link":"https:\/\/jefpreti.com\/","title":{"rendered":"Jef PRETI &#8211; 3D Theme Park Designer &#8211; KAERU Theme Park Design"},"content":{"rendered":"\n[et_pb_section fb_built=\u00a0\u00bb1&Prime; _builder_version=\u00a0\u00bb4.17.6&Prime; _module_preset=\u00a0\u00bbdefault\u00a0\u00bb global_colors_info=\u00a0\u00bb{}\u00a0\u00bb][et_pb_row _builder_version=\u00a0\u00bb4.17.6&Prime; _module_preset=\u00a0\u00bbdefault\u00a0\u00bb global_colors_info=\u00a0\u00bb{}\u00a0\u00bb][et_pb_column type=\u00a0\u00bb4_4&Prime; _builder_version=\u00a0\u00bb4.17.6&Prime; _module_preset=\u00a0\u00bbdefault\u00a0\u00bb global_colors_info=\u00a0\u00bb{}\u00a0\u00bb][et_pb_image src=\u00a0\u00bbhttp:\/\/jefpreti.com\/wp-content\/uploads\/2021\/11\/Jefpreti-3D-Architecture-Perspective-Design-Logo-KAERU-2-e1636638457689.jpg\u00a0\u00bb alt=\u00a0\u00bbJef PRETI &#8211; Perspectiviste 3D &#8211; Bandeau KAERU Theme Park Design\u00a0\u00bb title_text=\u00a0\u00bbJefpreti-3D-Architecture-Perspective-Design-Logo-KAERU-2&Prime; url=\u00a0\u00bbhttps:\/\/kaerutpd.com\u00a0\u00bb _builder_version=\u00a0\u00bb4.17.6&Prime; _module_preset=\u00a0\u00bbdefault\u00a0\u00bb global_colors_info=\u00a0\u00bb{}\u00a0\u00bb][\/et_pb_image][et_pb_text _builder_version=\u00a0\u00bb4.17.6&Prime; _module_preset=\u00a0\u00bbdefault\u00a0\u00bb link_option_url=\u00a0\u00bbhttps:\/\/kaerutpd.com\u00a0\u00bb global_colors_info=\u00a0\u00bb{}\u00a0\u00bb]<p><strong>Apr\u00e8s plusieurs ann\u00e9es de collaboration avec Julien BERTEVAS dans le design des parcs \u00e0 th\u00e8me,\u00a0nous unissons officiellement nos forces en cr\u00e9ant KAERU Theme Park Design.\u00a0Venez d\u00e9couvrir le site!<\/strong><\/p>[\/et_pb_text][\/et_pb_column][\/et_pb_row][et_pb_row _builder_version=\u00a0\u00bb4.17.6&Prime; _module_preset=\u00a0\u00bbdefault\u00a0\u00bb global_colors_info=\u00a0\u00bb{}\u00a0\u00bb][et_pb_column type=\u00a0\u00bb4_4&Prime; _builder_version=\u00a0\u00bb4.17.6&Prime; _module_preset=\u00a0\u00bbdefault\u00a0\u00bb global_colors_info=\u00a0\u00bb{}\u00a0\u00bb][et_pb_button button_url=\u00a0\u00bbhttps:\/\/jefpreti.com\/index.php\/15-2\/\u00a0\u00bb button_text=\u00a0\u00bbContinuer sur jefpreti.com\u00a0\u00bb button_alignment=\u00a0\u00bbcenter\u00a0\u00bb _builder_version=\u00a0\u00bb4.17.6&Prime; _module_preset=\u00a0\u00bbdefault\u00a0\u00bb custom_button=\u00a0\u00bbon\u00a0\u00bb button_text_size=\u00a0\u00bb12px\u00a0\u00bb button_text_color=\u00a0\u00bb#686868&Prime; hover_enabled=\u00a0\u00bb0&Prime; global_colors_info=\u00a0\u00bb{}\u00a0\u00bb sticky_enabled=\u00a0\u00bb0&Prime;][\/et_pb_button][\/et_pb_column][\/et_pb_row][\/et_pb_section]\n","protected":false},"excerpt":{"rendered":"<p>Apr\u00e8s plusieurs ann\u00e9es de collaboration avec Julien BERTEVAS dans le design des parcs \u00e0 th\u00e8me,\u00a0nous unissons officiellement nos forces en cr\u00e9ant KAERU Theme Park Design.\u00a0Venez d\u00e9couvrir le site!<\/p>\n","protected":false},"author":1,"featured_media":0,"parent":0,"menu_order":0,"comment_status":"closed","ping_status":"closed","template":"page-template-blank.php","meta":{"_et_pb_use_builder":"on","_et_pb_old_content":"","_et_gb_content_width":"","_monsterinsights_skip_tracking":false,"_monsterinsights_sitenote_active":false,"_monsterinsights_sitenote_note":"","_monsterinsights_sitenote_category":0},"aioseo_notices":[],"_links":{"self":[{"href":"https:\/\/jefpreti.com\/index.php\/wp-json\/wp\/v2\/pages\/300"}],"collection":[{"href":"https:\/\/jefpreti.com\/index.php\/wp-json\/wp\/v2\/pages"}],"about":[{"href":"https:\/\/jefpreti.com\/index.php\/wp-json\/wp\/v2\/types\/page"}],"author":[{"embeddable":true,"href":"https:\/\/jefpreti.com\/index.php\/wp-json\/wp\/v2\/users\/1"}],"replies":[{"embeddable":true,"href":"https:\/\/jefpreti.com\/index.php\/wp-json\/wp\/v2\/comments?post=300"}],"version-history":[{"count":9,"href":"https:\/\/jefpreti.com\/index.php\/wp-json\/wp\/v2\/pages\/300\/revisions"}],"predecessor-version":[{"id":316,"href":"https:\/\/jefpreti.com\/index.php\/wp-json\/wp\/v2\/pages\/300\/revisions\/316"}],"wp:attachment":[{"href":"https:\/\/jefpreti.com\/index.php\/wp-json\/wp\/v2\/media?parent=300"}],"curies":[{"name":"wp","href":"https:\/\/api.w.org\/{rel}","templated":true}]}}